{"id":8765,"date":"2025-06-10T12:35:28","date_gmt":"2025-06-10T10:35:28","guid":{"rendered":"https:\/\/www.relaxhotelstork.cz\/izby\/apartmany-rodinne-4-luzka-1-pristylka-pouze-pro-deti-do-12-let\/"},"modified":"2025-10-02T10:35:24","modified_gmt":"2025-10-02T08:35:24","slug":"rodinne-apartmany-4-lozka-1-pristelka-iba-pre-deti-do-12-rokov","status":"publish","type":"page","link":"https:\/\/www.relaxhotelstork.cz\/sk\/izby\/rodinne-apartmany-4-lozka-1-pristelka-iba-pre-deti-do-12-rokov\/","title":{"rendered":"Rodinn\u00e9 apartm\u00e1ny (4 l\u00f4\u017eka + 1 pr\u00edstelka IBA pre deti do 12 rokov)"},"content":{"rendered":"<p>Modern\u00e9 apartm\u00e1ny vhodn\u00e9 pre rodiny so star\u0161\u00edmi de\u0165mi. Pon\u00fakaj\u00fa dve sp\u00e1lne a&nbsp;ob\u00fdvaciu \u010das\u0165 s&nbsp;kuchynsk\u00fdm k\u00fatom. Ak ste ve\u013ek\u00e1 rodina a&nbsp;m\u00e1te a\u017e 4 deti, kontaktujte recepciu \u2013 po&nbsp;dohode v\u00e1m radi priprav\u00edme a\u017e dve pr\u00edstelky pre deti do 11,99 rokov. Apartm\u00e1ny sme modernizovali v&nbsp;zime 2022.<br \/>\nApartm\u00e1n \u010d.&nbsp;1 a&nbsp;2 sa nach\u00e1dzaj\u00fa na&nbsp;2.&nbsp;poschod\u00ed a&nbsp;s\u00fa vybaven\u00e9 klimatiz\u00e1ciou. Nie je mo\u017en\u00e9 vyu\u017ei\u0165 v\u00fd\u0165ah. Apartm\u00e1n \u010d.&nbsp;3 sa nach\u00e1dza na&nbsp;pr\u00edzem\u00ed a&nbsp;je vybaven\u00fd rekuper\u00e1ciou (riaden\u00e1 v\u00fdmena vzduchu).<\/p>\n<ul style=\"list-style-type: disc;\">\n<li>TV: Ploch\u00e1 obrazovka<\/li>\n<li>Trezor<\/li>\n<li>Klimatiz\u00e1cia<\/li>\n<li>Bezdr\u00f4tov\u00fd internet: Zdarma<\/li>\n<li>Hotelov\u00fd textil<\/li>\n<li>Sprcha<\/li>\n<li>WC<\/li>\n<li>Chladni\u010dka<\/li>\n<li>Su\u0161i\u010d vlasov: Na&nbsp;izbe<\/li>\n<li>\u00dastredn\u00e9 k\u00farenie<\/li>\n<li>Kuchynka<\/li>\n<li>Mikrovlnn\u00e1 r\u00fara<\/li>\n<li>Nefaj\u010diarske prostredie<\/li>\n<li>Denn\u00e9 upratovanie<\/li>\n<li>Kozmetick\u00e9 potreby zdarma<\/li>\n<li>Ve\u013ekos\u0165 postele: \u0160\u00edrka: 180 cm, D\u013a\u017eka: 200 cm<\/li>\n<li>R\u00fdchlovarn\u00e1 kanvica<\/li>\n<li>Rekuper\u00e1cia vzduchu<\/li>\n<\/ul>\n","protected":false},"excerpt":{"rendered":"<p>Modern\u00e9 apartm\u00e1ny vhodn\u00e9 pre rodiny so star\u0161\u00edmi de\u0165mi. Pon\u00fakaj\u00fa dve sp\u00e1lne a&nbsp;ob\u00fdvaciu \u010das\u0165 s&nbsp;kuchynsk\u00fdm k\u00fatom. Ak ste ve\u013ek\u00e1 rodina a&nbsp;m\u00e1te a\u017e 4 deti, kontaktujte recepciu \u2013 po&nbsp;dohode v\u00e1m radi priprav\u00edme a\u017e dve pr\u00edstelky pre deti do 11,99 rokov. Apartm\u00e1ny sme modernizovali v&nbsp;zime 2022. Apartm\u00e1n \u010d.&nbsp;1 a&nbsp;2 sa nach\u00e1dzaj\u00fa na&nbsp;2.&nbsp;poschod\u00ed a&nbsp;s\u00fa vybaven\u00e9 klimatiz\u00e1ciou. Nie je mo\u017en\u00e9&#8230;<\/p>\n","protected":false},"author":1,"featured_media":7049,"parent":8689,"menu_order":110,"comment_status":"closed","ping_status":"closed","template":"template-room-detail.php","meta":{"footnotes":""},"class_list":["post-8765","page","type-page","status-publish","has-post-thumbnail","hentry"],"acf":[],"aioseo_notices":[],"_links":{"self":[{"href":"https:\/\/www.relaxhotelstork.cz\/sk\/wp-json\/wp\/v2\/pages\/8765","targetHints":{"allow":["GET"]}}],"collection":[{"href":"https:\/\/www.relaxhotelstork.cz\/sk\/wp-json\/wp\/v2\/pages"}],"about":[{"href":"https:\/\/www.relaxhotelstork.cz\/sk\/wp-json\/wp\/v2\/types\/page"}],"author":[{"embeddable":true,"href":"https:\/\/www.relaxhotelstork.cz\/sk\/wp-json\/wp\/v2\/users\/1"}],"replies":[{"embeddable":true,"href":"https:\/\/www.relaxhotelstork.cz\/sk\/wp-json\/wp\/v2\/comments?post=8765"}],"version-history":[{"count":3,"href":"https:\/\/www.relaxhotelstork.cz\/sk\/wp-json\/wp\/v2\/pages\/8765\/revisions"}],"predecessor-version":[{"id":8998,"href":"https:\/\/www.relaxhotelstork.cz\/sk\/wp-json\/wp\/v2\/pages\/8765\/revisions\/8998"}],"up":[{"embeddable":true,"href":"https:\/\/www.relaxhotelstork.cz\/sk\/wp-json\/wp\/v2\/pages\/8689"}],"wp:featuredmedia":[{"embeddable":true,"href":"https:\/\/www.relaxhotelstork.cz\/sk\/wp-json\/wp\/v2\/media\/7049"}],"wp:attachment":[{"href":"https:\/\/www.relaxhotelstork.cz\/sk\/wp-json\/wp\/v2\/media?parent=8765"}],"curies":[{"name":"wp","href":"https:\/\/api.w.org\/{rel}","templated":true}]}}