{"id":8750,"date":"2025-06-10T12:04:01","date_gmt":"2025-06-10T10:04:01","guid":{"rendered":"https:\/\/www.relaxhotelstork.cz\/izby\/ctyrluzkovy-komfort-4-luzka\/"},"modified":"2025-10-02T10:22:56","modified_gmt":"2025-10-02T08:22:56","slug":"stvorlozkova-izba-komfort-4-lozka","status":"publish","type":"page","link":"https:\/\/www.relaxhotelstork.cz\/sk\/izby\/stvorlozkova-izba-komfort-4-lozka\/","title":{"rendered":"\u0160tvorl\u00f4\u017ekov\u00e1 izba komfort (4 l\u00f4\u017eka)"},"content":{"rendered":"<p>\u0160tvorl\u00f4\u017ekov\u00e1 izba komfort pon\u00faka dve pohodln\u00e9 man\u017eelsk\u00e9 postele v&nbsp;dvoch miestnostiach. Je vhodn\u00e1 pre rodinu so star\u0161\u00edmi de\u0165mi alebo pre 4 dospel\u00fdch. Jedna zo sp\u00e1ln\u00ed je priechodn\u00e1. Ak v\u00e1m viac vyhovuj\u00fa oddelen\u00e9 sp\u00e1lne, objednajte si rad\u0161ej \u0161tvorl\u00f4\u017ekov\u00fd alebo rodinn\u00fd apartm\u00e1n.<\/p>\n<ul style=\"list-style-type: disc;\">\n<li>TV: Ploch\u00e1 obrazovka<\/li>\n<li>Trezor<\/li>\n<li>Klimatiz\u00e1cia<\/li>\n<li>Bezdr\u00f4tov\u00fd internet: Zdarma<\/li>\n<li>Hotelov\u00fd textil<\/li>\n<li>Sprcha<\/li>\n<li>WC<\/li>\n<li>Chladni\u010dka<\/li>\n<li>Su\u0161i\u010d vlasov: Na&nbsp;izbe<\/li>\n<li>\u00dastredn\u00e9 k\u00farenie<\/li>\n<li>Nefaj\u010diarske prostredie<\/li>\n<li>Denn\u00e9 upratovanie<\/li>\n<li>Kozmetick\u00e9 potreby zdarma<\/li>\n<li>Mini chladni\u010dka<\/li>\n<li>Typy postel\u00ed: 4\u00d7 Samostatn\u00e1 poste\u013e<\/li>\n<li>Ve\u013ekos\u0165 postele: \u0160\u00edrka: 90 cm, D\u013a\u017eka: 200 cm<\/li>\n<li>R\u00fdchlovarn\u00e1 kanvica<\/li>\n<\/ul>\n","protected":false},"excerpt":{"rendered":"<p>\u0160tvorl\u00f4\u017ekov\u00e1 izba komfort pon\u00faka dve pohodln\u00e9 man\u017eelsk\u00e9 postele v&nbsp;dvoch miestnostiach. Je vhodn\u00e1 pre rodinu so star\u0161\u00edmi de\u0165mi alebo pre 4 dospel\u00fdch. Jedna zo sp\u00e1ln\u00ed je priechodn\u00e1. Ak v\u00e1m viac vyhovuj\u00fa oddelen\u00e9 sp\u00e1lne, objednajte si rad\u0161ej \u0161tvorl\u00f4\u017ekov\u00fd alebo rodinn\u00fd apartm\u00e1n. TV: Ploch\u00e1 obrazovka Trezor Klimatiz\u00e1cia Bezdr\u00f4tov\u00fd internet: Zdarma Hotelov\u00fd textil Sprcha WC Chladni\u010dka Su\u0161i\u010d vlasov: Na&nbsp;izbe&#8230;<\/p>\n","protected":false},"author":1,"featured_media":6923,"parent":8689,"menu_order":90,"comment_status":"closed","ping_status":"closed","template":"template-room-detail.php","meta":{"footnotes":""},"class_list":["post-8750","page","type-page","status-publish","has-post-thumbnail","hentry"],"acf":[],"aioseo_notices":[],"_links":{"self":[{"href":"https:\/\/www.relaxhotelstork.cz\/sk\/wp-json\/wp\/v2\/pages\/8750","targetHints":{"allow":["GET"]}}],"collection":[{"href":"https:\/\/www.relaxhotelstork.cz\/sk\/wp-json\/wp\/v2\/pages"}],"about":[{"href":"https:\/\/www.relaxhotelstork.cz\/sk\/wp-json\/wp\/v2\/types\/page"}],"author":[{"embeddable":true,"href":"https:\/\/www.relaxhotelstork.cz\/sk\/wp-json\/wp\/v2\/users\/1"}],"replies":[{"embeddable":true,"href":"https:\/\/www.relaxhotelstork.cz\/sk\/wp-json\/wp\/v2\/comments?post=8750"}],"version-history":[{"count":2,"href":"https:\/\/www.relaxhotelstork.cz\/sk\/wp-json\/wp\/v2\/pages\/8750\/revisions"}],"predecessor-version":[{"id":8989,"href":"https:\/\/www.relaxhotelstork.cz\/sk\/wp-json\/wp\/v2\/pages\/8750\/revisions\/8989"}],"up":[{"embeddable":true,"href":"https:\/\/www.relaxhotelstork.cz\/sk\/wp-json\/wp\/v2\/pages\/8689"}],"wp:featuredmedia":[{"embeddable":true,"href":"https:\/\/www.relaxhotelstork.cz\/sk\/wp-json\/wp\/v2\/media\/6923"}],"wp:attachment":[{"href":"https:\/\/www.relaxhotelstork.cz\/sk\/wp-json\/wp\/v2\/media?parent=8750"}],"curies":[{"name":"wp","href":"https:\/\/api.w.org\/{rel}","templated":true}]}}