{"id":8744,"date":"2025-06-10T11:50:17","date_gmt":"2025-06-10T09:50:17","guid":{"rendered":"https:\/\/www.relaxhotelstork.cz\/izby\/apartma-dvouluzkove-2-luzka-2-pristylky-pouze-pro-deti-do-12-let\/"},"modified":"2025-10-02T10:15:38","modified_gmt":"2025-10-02T08:15:38","slug":"apartman-dvojlozkovy-2-lozka-2-pristelky-iba-pre-deti-do-12-rokov","status":"publish","type":"page","link":"https:\/\/www.relaxhotelstork.cz\/sk\/izby\/apartman-dvojlozkovy-2-lozka-2-pristelky-iba-pre-deti-do-12-rokov\/","title":{"rendered":"Apartm\u00e1n dvojl\u00f4\u017ekov\u00fd (2 l\u00f4\u017eka + 2 pr\u00edstelky IBA pre deti do 12 rokov)"},"content":{"rendered":"<p>Dvojl\u00f4\u017ekov\u00fd apartm\u00e1n je vhodn\u00fd ako pre dvojicu, tak aj pre rodinu s&nbsp;dvomi de\u0165mi do 11,99 rokov. Pr\u00edstelka je formou rozkladacej pohovky. Pohovka sa nach\u00e1dza bu\u010f v&nbsp;kuchynke alebo v&nbsp;sp\u00e1lni. Pre bli\u017e\u0161ie inform\u00e1cie kontaktujte recepciu alebo uve\u010fte pozn\u00e1mku k&nbsp;rezerv\u00e1cii. Apartm\u00e1n m\u00e1 samostatn\u00fa kuchynku a&nbsp;samostatn\u00fa sp\u00e1l\u0148u.<\/p>\n<ul style=\"list-style-type: disc;\">\n<li>TV: Ploch\u00e1 obrazovka<\/li>\n<li>Trezor<\/li>\n<li>Klimatiz\u00e1cia<\/li>\n<li>Bezdr\u00f4tov\u00fd internet: Zdarma, vysokor\u00fdchlostn\u00fd<\/li>\n<li>Hotelov\u00fd textil<\/li>\n<li>Sprcha<\/li>\n<li>WC<\/li>\n<li>Chladni\u010dka<\/li>\n<li>Su\u0161i\u010d vlasov: Na&nbsp;izbe<\/li>\n<li>\u00dastredn\u00e9 k\u00farenie<\/li>\n<li>Kuchynka<\/li>\n<li>Bezbarierov\u00fd<\/li>\n<li>Nefaj\u010diarske prostredie<\/li>\n<li>Denn\u00e9 upratovanie<\/li>\n<li>Kozmetick\u00e9 potreby zdarma<\/li>\n<li>Ve\u013ekos\u0165 postele: \u0160\u00edrka: 90 cm, D\u013a\u017eka: 200 cm<\/li>\n<li>Typy postel\u00ed: 2\u00d7 Samostatn\u00e1 poste\u013e<\/li>\n<\/ul>\n","protected":false},"excerpt":{"rendered":"<p>Dvojl\u00f4\u017ekov\u00fd apartm\u00e1n je vhodn\u00fd ako pre dvojicu, tak aj pre rodinu s&nbsp;dvomi de\u0165mi do 11,99 rokov. Pr\u00edstelka je formou rozkladacej pohovky. Pohovka sa nach\u00e1dza bu\u010f v&nbsp;kuchynke alebo v&nbsp;sp\u00e1lni. Pre bli\u017e\u0161ie inform\u00e1cie kontaktujte recepciu alebo uve\u010fte pozn\u00e1mku k&nbsp;rezerv\u00e1cii. Apartm\u00e1n m\u00e1 samostatn\u00fa kuchynku a&nbsp;samostatn\u00fa sp\u00e1l\u0148u. TV: Ploch\u00e1 obrazovka Trezor Klimatiz\u00e1cia Bezdr\u00f4tov\u00fd internet: Zdarma, vysokor\u00fdchlostn\u00fd Hotelov\u00fd textil Sprcha&#8230;<\/p>\n","protected":false},"author":1,"featured_media":6878,"parent":8689,"menu_order":80,"comment_status":"closed","ping_status":"closed","template":"template-room-detail.php","meta":{"footnotes":""},"class_list":["post-8744","page","type-page","status-publish","has-post-thumbnail","hentry"],"acf":[],"aioseo_notices":[],"_links":{"self":[{"href":"https:\/\/www.relaxhotelstork.cz\/sk\/wp-json\/wp\/v2\/pages\/8744","targetHints":{"allow":["GET"]}}],"collection":[{"href":"https:\/\/www.relaxhotelstork.cz\/sk\/wp-json\/wp\/v2\/pages"}],"about":[{"href":"https:\/\/www.relaxhotelstork.cz\/sk\/wp-json\/wp\/v2\/types\/page"}],"author":[{"embeddable":true,"href":"https:\/\/www.relaxhotelstork.cz\/sk\/wp-json\/wp\/v2\/users\/1"}],"replies":[{"embeddable":true,"href":"https:\/\/www.relaxhotelstork.cz\/sk\/wp-json\/wp\/v2\/comments?post=8744"}],"version-history":[{"count":3,"href":"https:\/\/www.relaxhotelstork.cz\/sk\/wp-json\/wp\/v2\/pages\/8744\/revisions"}],"predecessor-version":[{"id":8986,"href":"https:\/\/www.relaxhotelstork.cz\/sk\/wp-json\/wp\/v2\/pages\/8744\/revisions\/8986"}],"up":[{"embeddable":true,"href":"https:\/\/www.relaxhotelstork.cz\/sk\/wp-json\/wp\/v2\/pages\/8689"}],"wp:featuredmedia":[{"embeddable":true,"href":"https:\/\/www.relaxhotelstork.cz\/sk\/wp-json\/wp\/v2\/media\/6878"}],"wp:attachment":[{"href":"https:\/\/www.relaxhotelstork.cz\/sk\/wp-json\/wp\/v2\/media?parent=8744"}],"curies":[{"name":"wp","href":"https:\/\/api.w.org\/{rel}","templated":true}]}}