{"id":8706,"date":"2025-06-10T10:54:51","date_gmt":"2025-06-10T08:54:51","guid":{"rendered":"https:\/\/www.relaxhotelstork.cz\/izby\/dvouluzkovy-2-luzka-1-pristylka-pouze-pro-deti-do-12-let\/"},"modified":"2025-10-02T09:16:48","modified_gmt":"2025-10-02T07:16:48","slug":"dvojlozkova-izba-2-lozka-1-pristelka-len-pre-deti-do-12-rokov","status":"publish","type":"page","link":"https:\/\/www.relaxhotelstork.cz\/sk\/izby\/dvojlozkova-izba-2-lozka-1-pristelka-len-pre-deti-do-12-rokov\/","title":{"rendered":"Dvojl\u00f4\u017ekov\u00e1 izba (2 l\u00f4\u017eka + 1 pr\u00edstelka len pre deti do 12 rokov)"},"content":{"rendered":"<p>Priestrann\u00e1 dvojl\u00f4\u017ekov\u00e1 izba, ktor\u00e1 m\u00f4\u017ee pon\u00faknu\u0165 rozkladaciu pohovku ako pr\u00edstelku pre jedno die\u0165a do 11,99 rokov.<br \/>\nJedna izba sa nach\u00e1dza na&nbsp;2.&nbsp;poschod\u00ed a&nbsp;jedna v&nbsp;podkrov\u00ed (3.&nbsp;poschodie).<\/p>\n<ul style=\"list-style-type: disc;\">\n<li>TV: Ploch\u00e1 obrazovka<\/li>\n<li>Trezor<\/li>\n<li>Klimatiz\u00e1cia<\/li>\n<li>Bezdr\u00f4tov\u00fd internet<\/li>\n<li>Hotelov\u00fd textil<\/li>\n<li>Sprcha<\/li>\n<li>WC<\/li>\n<li>Su\u0161i\u010d vlasov: Na&nbsp;izbe<\/li>\n<li>\u00dastredn\u00e9 k\u00farenie<\/li>\n<li>Nefaj\u010diarske prostredie<\/li>\n<li>Denn\u00e9 upratovanie<\/li>\n<li>Mini chladni\u010dka<\/li>\n<li>Typy postel\u00ed: 2\u00d7 Samostatn\u00e1 poste\u013e<\/li>\n<li>Ve\u013ekos\u0165 postele: \u0160\u00edrka: 90 cm, D\u013a\u017eka: 200 cm<\/li>\n<li>Kozmetick\u00e9 potreby zdarma<\/li>\n<\/ul>\n","protected":false},"excerpt":{"rendered":"<p>Priestrann\u00e1 dvojl\u00f4\u017ekov\u00e1 izba, ktor\u00e1 m\u00f4\u017ee pon\u00faknu\u0165 rozkladaciu pohovku ako pr\u00edstelku pre jedno die\u0165a do 11,99 rokov. Jedna izba sa nach\u00e1dza na&nbsp;2.&nbsp;poschod\u00ed a&nbsp;jedna v&nbsp;podkrov\u00ed (3.&nbsp;poschodie). TV: Ploch\u00e1 obrazovka Trezor Klimatiz\u00e1cia Bezdr\u00f4tov\u00fd internet Hotelov\u00fd textil Sprcha WC Su\u0161i\u010d vlasov: Na&nbsp;izbe \u00dastredn\u00e9 k\u00farenie Nefaj\u010diarske prostredie Denn\u00e9 upratovanie Mini chladni\u010dka Typy postel\u00ed: 2\u00d7 Samostatn\u00e1 poste\u013e Ve\u013ekos\u0165 postele: \u0160\u00edrka: 90&#8230;<\/p>\n","protected":false},"author":1,"featured_media":6626,"parent":8689,"menu_order":20,"comment_status":"closed","ping_status":"closed","template":"template-room-detail.php","meta":{"footnotes":""},"class_list":["post-8706","page","type-page","status-publish","has-post-thumbnail","hentry"],"acf":[],"aioseo_notices":[],"_links":{"self":[{"href":"https:\/\/www.relaxhotelstork.cz\/sk\/wp-json\/wp\/v2\/pages\/8706","targetHints":{"allow":["GET"]}}],"collection":[{"href":"https:\/\/www.relaxhotelstork.cz\/sk\/wp-json\/wp\/v2\/pages"}],"about":[{"href":"https:\/\/www.relaxhotelstork.cz\/sk\/wp-json\/wp\/v2\/types\/page"}],"author":[{"embeddable":true,"href":"https:\/\/www.relaxhotelstork.cz\/sk\/wp-json\/wp\/v2\/users\/1"}],"replies":[{"embeddable":true,"href":"https:\/\/www.relaxhotelstork.cz\/sk\/wp-json\/wp\/v2\/comments?post=8706"}],"version-history":[{"count":3,"href":"https:\/\/www.relaxhotelstork.cz\/sk\/wp-json\/wp\/v2\/pages\/8706\/revisions"}],"predecessor-version":[{"id":8960,"href":"https:\/\/www.relaxhotelstork.cz\/sk\/wp-json\/wp\/v2\/pages\/8706\/revisions\/8960"}],"up":[{"embeddable":true,"href":"https:\/\/www.relaxhotelstork.cz\/sk\/wp-json\/wp\/v2\/pages\/8689"}],"wp:featuredmedia":[{"embeddable":true,"href":"https:\/\/www.relaxhotelstork.cz\/sk\/wp-json\/wp\/v2\/media\/6626"}],"wp:attachment":[{"href":"https:\/\/www.relaxhotelstork.cz\/sk\/wp-json\/wp\/v2\/media?parent=8706"}],"curies":[{"name":"wp","href":"https:\/\/api.w.org\/{rel}","templated":true}]}}