{"id":8700,"date":"2025-06-10T10:25:24","date_gmt":"2025-06-10T08:25:24","guid":{"rendered":"https:\/\/www.relaxhotelstork.cz\/izby\/dvouluzkovy-pokoj-20-standart\/"},"modified":"2025-10-02T09:13:51","modified_gmt":"2025-10-02T07:13:51","slug":"dvojlozkova-izba-20-standard","status":"publish","type":"page","link":"https:\/\/www.relaxhotelstork.cz\/sk\/izby\/dvojlozkova-izba-20-standard\/","title":{"rendered":"Dvojl\u00f4\u017ekov\u00e1 izba (2+0) \u0161tandard"},"content":{"rendered":"<p>V\u00e4\u010d\u0161ina dvojl\u00f4\u017ekov\u00fdch izieb sa nach\u00e1dza v&nbsp;podkrov\u00ed. Podkrovn\u00e9 izby sme modernizovali v&nbsp;zime 2024. Izby na&nbsp;pavla\u010di (s&nbsp;v\u00fdh\u013eadom do dvora s&nbsp;baz\u00e9nom) je mo\u017en\u00e9 prepoji\u0165 a&nbsp;tak vytvori\u0165 priestrann\u00fa rodinn\u00fa izbu. Medzi izbami s\u00fa v\u017edy dvoje dvere. Ak sa izby neprepoja, dvere zost\u00e1vaj\u00fa zamknut\u00e9.<\/p>\n<ul style=\"list-style-type: disc;\">\n<li>TV: Ploch\u00e1 obrazovka<\/li>\n<li>Trezor<\/li>\n<li>Klimatiz\u00e1cia<\/li>\n<li>Bezdr\u00f4tov\u00fd internet: Zdarma, vysokor\u00fdchlostn\u00fd<\/li>\n<li>Hotelov\u00fd textil<\/li>\n<li>Sprcha<\/li>\n<li>WC<\/li>\n<li>Su\u0161i\u010d vlasov: Na&nbsp;izbe<\/li>\n<li>\u00dastredn\u00e9 k\u00farenie<\/li>\n<li>Nefaj\u010diarske prostredie<\/li>\n<li>Denn\u00e9 upratovanie<\/li>\n<li>Typy postel\u00ed: 2\u00d7 Samostatn\u00e1 poste\u013e<\/li>\n<li>Ve\u013ekos\u0165 postele: \u0160\u00edrka: 90 cm, D\u013a\u017eka: 200 cm<\/li>\n<li>Kozmetick\u00e9 potreby zdarma<\/li>\n<\/ul>\n","protected":false},"excerpt":{"rendered":"<p>V\u00e4\u010d\u0161ina dvojl\u00f4\u017ekov\u00fdch izieb sa nach\u00e1dza v&nbsp;podkrov\u00ed. Podkrovn\u00e9 izby sme modernizovali v&nbsp;zime 2024. Izby na&nbsp;pavla\u010di (s&nbsp;v\u00fdh\u013eadom do dvora s&nbsp;baz\u00e9nom) je mo\u017en\u00e9 prepoji\u0165 a&nbsp;tak vytvori\u0165 priestrann\u00fa rodinn\u00fa izbu. Medzi izbami s\u00fa v\u017edy dvoje dvere. Ak sa izby neprepoja, dvere zost\u00e1vaj\u00fa zamknut\u00e9. TV: Ploch\u00e1 obrazovka Trezor Klimatiz\u00e1cia Bezdr\u00f4tov\u00fd internet: Zdarma, vysokor\u00fdchlostn\u00fd Hotelov\u00fd textil Sprcha WC Su\u0161i\u010d vlasov: Na&nbsp;izbe&#8230;<\/p>\n","protected":false},"author":1,"featured_media":6551,"parent":8689,"menu_order":10,"comment_status":"closed","ping_status":"closed","template":"template-room-detail.php","meta":{"footnotes":""},"class_list":["post-8700","page","type-page","status-publish","has-post-thumbnail","hentry"],"acf":[],"aioseo_notices":[],"_links":{"self":[{"href":"https:\/\/www.relaxhotelstork.cz\/sk\/wp-json\/wp\/v2\/pages\/8700","targetHints":{"allow":["GET"]}}],"collection":[{"href":"https:\/\/www.relaxhotelstork.cz\/sk\/wp-json\/wp\/v2\/pages"}],"about":[{"href":"https:\/\/www.relaxhotelstork.cz\/sk\/wp-json\/wp\/v2\/types\/page"}],"author":[{"embeddable":true,"href":"https:\/\/www.relaxhotelstork.cz\/sk\/wp-json\/wp\/v2\/users\/1"}],"replies":[{"embeddable":true,"href":"https:\/\/www.relaxhotelstork.cz\/sk\/wp-json\/wp\/v2\/comments?post=8700"}],"version-history":[{"count":2,"href":"https:\/\/www.relaxhotelstork.cz\/sk\/wp-json\/wp\/v2\/pages\/8700\/revisions"}],"predecessor-version":[{"id":8956,"href":"https:\/\/www.relaxhotelstork.cz\/sk\/wp-json\/wp\/v2\/pages\/8700\/revisions\/8956"}],"up":[{"embeddable":true,"href":"https:\/\/www.relaxhotelstork.cz\/sk\/wp-json\/wp\/v2\/pages\/8689"}],"wp:featuredmedia":[{"embeddable":true,"href":"https:\/\/www.relaxhotelstork.cz\/sk\/wp-json\/wp\/v2\/media\/6551"}],"wp:attachment":[{"href":"https:\/\/www.relaxhotelstork.cz\/sk\/wp-json\/wp\/v2\/media?parent=8700"}],"curies":[{"name":"wp","href":"https:\/\/api.w.org\/{rel}","templated":true}]}}