{"id":8731,"date":"2025-06-10T11:31:01","date_gmt":"2025-06-10T09:31:01","guid":{"rendered":"https:\/\/www.relaxhotelstork.cz\/pokoje\/studio-dvouluzkove-2-luzka-2-pristylky-pouze-pro-deti-do-12-let\/"},"modified":"2025-10-02T09:31:20","modified_gmt":"2025-10-02T07:31:20","slug":"studio-dwuosobowe-2-lozka-2-dostawki-tylko-dla-dzieci-do-12-lat","status":"publish","type":"page","link":"https:\/\/www.relaxhotelstork.cz\/pl\/pokoje\/studio-dwuosobowe-2-lozka-2-dostawki-tylko-dla-dzieci-do-12-lat\/","title":{"rendered":"Studio dwuosobowe (2 \u0142\u00f3\u017cka + 2 dostawki TYLKO dla dzieci do 12 lat)"},"content":{"rendered":"<p>Studio z&nbsp;mo\u017cliwo\u015bci\u0105 dw\u00f3ch dostawek to \u015bwietne rozwi\u0105zanie dla rodziny, kt\u00f3ra lubi sp\u0119dza\u0107 czas razem w jednej przestrzeni. Dwoje dzieci do 11,99 lat \u015bpi na&nbsp;rozk\u0142adanej sofie, a&nbsp;rodzice na&nbsp;wygodnym \u0142\u00f3\u017cku ma\u0142\u017ce\u0144skim. W studio znajduje si\u0119 aneks kuchenny.<\/p>\n<ul style=\"list-style-type: disc;\">\n<li>TV: P\u0142aski ekran<\/li>\n<li>Sejf<\/li>\n<li>Klimatyzacja<\/li>\n<li>Internet bezprzewodowy: Bezp\u0142atny<\/li>\n<li>Tekstylia hotelowe<\/li>\n<li>Prysznic<\/li>\n<li>WC<\/li>\n<li>Lod\u00f3wka<\/li>\n<li>Suszarka do w\u0142os\u00f3w: W pokoju<\/li>\n<li>Ogrzewanie centralne<\/li>\n<li>Aneks kuchenny<\/li>\n<li>\u015arodowisko dla niepal\u0105cych<\/li>\n<li>Codzienne sprz\u0105tanie<\/li>\n<li>Bezp\u0142atne przybory toaletowe<\/li>\n<li>Rozmiar \u0142\u00f3\u017cka: Szeroko\u015b\u0107: 180 cm, D\u0142ugo\u015b\u0107: 200 cm<\/li>\n<li>Czajnik elektryczny<\/li>\n<\/ul>\n","protected":false},"excerpt":{"rendered":"<p>Studio z&nbsp;mo\u017cliwo\u015bci\u0105 dw\u00f3ch dostawek to \u015bwietne rozwi\u0105zanie dla rodziny, kt\u00f3ra lubi sp\u0119dza\u0107 czas razem w jednej przestrzeni. Dwoje dzieci do 11,99 lat \u015bpi na&nbsp;rozk\u0142adanej sofie, a&nbsp;rodzice na&nbsp;wygodnym \u0142\u00f3\u017cku ma\u0142\u017ce\u0144skim. W studio znajduje si\u0119 aneks kuchenny. TV: P\u0142aski ekran Sejf Klimatyzacja Internet bezprzewodowy: Bezp\u0142atny Tekstylia hotelowe Prysznic WC Lod\u00f3wka Suszarka do w\u0142os\u00f3w: W pokoju Ogrzewanie centralne&#8230;<\/p>\n","protected":false},"author":1,"featured_media":6757,"parent":8688,"menu_order":60,"comment_status":"closed","ping_status":"closed","template":"template-room-detail.php","meta":{"footnotes":""},"class_list":["post-8731","page","type-page","status-publish","has-post-thumbnail","hentry"],"acf":[],"aioseo_notices":[],"_links":{"self":[{"href":"https:\/\/www.relaxhotelstork.cz\/pl\/wp-json\/wp\/v2\/pages\/8731","targetHints":{"allow":["GET"]}}],"collection":[{"href":"https:\/\/www.relaxhotelstork.cz\/pl\/wp-json\/wp\/v2\/pages"}],"about":[{"href":"https:\/\/www.relaxhotelstork.cz\/pl\/wp-json\/wp\/v2\/types\/page"}],"author":[{"embeddable":true,"href":"https:\/\/www.relaxhotelstork.cz\/pl\/wp-json\/wp\/v2\/users\/1"}],"replies":[{"embeddable":true,"href":"https:\/\/www.relaxhotelstork.cz\/pl\/wp-json\/wp\/v2\/comments?post=8731"}],"version-history":[{"count":3,"href":"https:\/\/www.relaxhotelstork.cz\/pl\/wp-json\/wp\/v2\/pages\/8731\/revisions"}],"predecessor-version":[{"id":8972,"href":"https:\/\/www.relaxhotelstork.cz\/pl\/wp-json\/wp\/v2\/pages\/8731\/revisions\/8972"}],"up":[{"embeddable":true,"href":"https:\/\/www.relaxhotelstork.cz\/pl\/wp-json\/wp\/v2\/pages\/8688"}],"wp:featuredmedia":[{"embeddable":true,"href":"https:\/\/www.relaxhotelstork.cz\/pl\/wp-json\/wp\/v2\/media\/6757"}],"wp:attachment":[{"href":"https:\/\/www.relaxhotelstork.cz\/pl\/wp-json\/wp\/v2\/media?parent=8731"}],"curies":[{"name":"wp","href":"https:\/\/api.w.org\/{rel}","templated":true}]}}