{"id":8724,"date":"2025-06-10T11:19:50","date_gmt":"2025-06-10T09:19:50","guid":{"rendered":"https:\/\/www.relaxhotelstork.cz\/pokoje\/studio-dvouluzkove-2-luzka-1-pristylka-pouze-pro-deti-do-12-let\/"},"modified":"2025-10-02T09:23:43","modified_gmt":"2025-10-02T07:23:43","slug":"studio-dwuosobowe-2-lozka-1-dostawka-tylko-dla-dzieci-do-12-lat","status":"publish","type":"page","link":"https:\/\/www.relaxhotelstork.cz\/pl\/pokoje\/studio-dwuosobowe-2-lozka-1-dostawka-tylko-dla-dzieci-do-12-lat\/","title":{"rendered":"Studio dwuosobowe (2 \u0142\u00f3\u017cka + 1 dostawka TYLKO dla dzieci do 12 lat)"},"content":{"rendered":"<p>Studio to wi\u0119kszy pok\u00f3j z&nbsp;aneksem kuchennym, idealny dla pary. Je\u015bli podr\u00f3\u017cujecie z&nbsp;jednym dzieckiem do 11,99 lat na&nbsp;kr\u00f3tszy pobyt, ch\u0119tnie przygotujemy dostawk\u0119. Jest to mobilne \u0142\u00f3\u017cko ze&nbsp;standardowym materacem. Przy d\u0142u\u017cszym pobycie warto rozwa\u017cy\u0107 rezerwacj\u0119 np. apartamentu dwuosobowego z&nbsp;dostawk\u0105.<\/p>\n<ul style=\"list-style-type: disc;\">\n<li>TV: P\u0142aski ekran<\/li>\n<li>Sejf<\/li>\n<li>Klimatyzacja<\/li>\n<li>Internet bezprzewodowy: Bezp\u0142atny<\/li>\n<li>Tekstylia hotelowe<\/li>\n<li>Wanna<\/li>\n<li>WC<\/li>\n<li>Lod\u00f3wka<\/li>\n<li>Suszarka do w\u0142os\u00f3w: W pokoju<\/li>\n<li>Ogrzewanie centralne<\/li>\n<li>Aneks kuchenny<\/li>\n<li>\u015arodowisko dla niepal\u0105cych<\/li>\n<li>Codzienne sprz\u0105tanie<\/li>\n<li>Bezp\u0142atne przybory toaletowe<\/li>\n<li>Mini lod\u00f3wka<\/li>\n<li>Rozmiar \u0142\u00f3\u017cka: Szeroko\u015b\u0107: 180 cm, D\u0142ugo\u015b\u0107: 200 cm<\/li>\n<li>Czajnik elektryczny<\/li>\n<\/ul>\n","protected":false},"excerpt":{"rendered":"<p>Studio to wi\u0119kszy pok\u00f3j z&nbsp;aneksem kuchennym, idealny dla pary. Je\u015bli podr\u00f3\u017cujecie z&nbsp;jednym dzieckiem do 11,99 lat na&nbsp;kr\u00f3tszy pobyt, ch\u0119tnie przygotujemy dostawk\u0119. Jest to mobilne \u0142\u00f3\u017cko ze&nbsp;standardowym materacem. Przy d\u0142u\u017cszym pobycie warto rozwa\u017cy\u0107 rezerwacj\u0119 np. apartamentu dwuosobowego z&nbsp;dostawk\u0105. TV: P\u0142aski ekran Sejf Klimatyzacja Internet bezprzewodowy: Bezp\u0142atny Tekstylia hotelowe Wanna WC Lod\u00f3wka Suszarka do w\u0142os\u00f3w: W pokoju&#8230;<\/p>\n","protected":false},"author":1,"featured_media":6736,"parent":8688,"menu_order":50,"comment_status":"closed","ping_status":"closed","template":"template-room-detail.php","meta":{"footnotes":""},"class_list":["post-8724","page","type-page","status-publish","has-post-thumbnail","hentry"],"acf":[],"aioseo_notices":[],"_links":{"self":[{"href":"https:\/\/www.relaxhotelstork.cz\/pl\/wp-json\/wp\/v2\/pages\/8724","targetHints":{"allow":["GET"]}}],"collection":[{"href":"https:\/\/www.relaxhotelstork.cz\/pl\/wp-json\/wp\/v2\/pages"}],"about":[{"href":"https:\/\/www.relaxhotelstork.cz\/pl\/wp-json\/wp\/v2\/types\/page"}],"author":[{"embeddable":true,"href":"https:\/\/www.relaxhotelstork.cz\/pl\/wp-json\/wp\/v2\/users\/1"}],"replies":[{"embeddable":true,"href":"https:\/\/www.relaxhotelstork.cz\/pl\/wp-json\/wp\/v2\/comments?post=8724"}],"version-history":[{"count":2,"href":"https:\/\/www.relaxhotelstork.cz\/pl\/wp-json\/wp\/v2\/pages\/8724\/revisions"}],"predecessor-version":[{"id":8968,"href":"https:\/\/www.relaxhotelstork.cz\/pl\/wp-json\/wp\/v2\/pages\/8724\/revisions\/8968"}],"up":[{"embeddable":true,"href":"https:\/\/www.relaxhotelstork.cz\/pl\/wp-json\/wp\/v2\/pages\/8688"}],"wp:featuredmedia":[{"embeddable":true,"href":"https:\/\/www.relaxhotelstork.cz\/pl\/wp-json\/wp\/v2\/media\/6736"}],"wp:attachment":[{"href":"https:\/\/www.relaxhotelstork.cz\/pl\/wp-json\/wp\/v2\/media?parent=8724"}],"curies":[{"name":"wp","href":"https:\/\/api.w.org\/{rel}","templated":true}]}}