{"id":8770,"date":"2025-06-10T12:48:00","date_gmt":"2025-06-10T10:48:00","guid":{"rendered":"https:\/\/www.relaxhotelstork.cz\/zimmer\/213-prazdninovy-byt-10-luzek-2-pristylky-pouze-pro-deti-do-12-let\/"},"modified":"2025-10-02T10:37:00","modified_gmt":"2025-10-02T08:37:00","slug":"213-ferienwohnung-10-betten-2-zustellbetten-nur-fuer-kinder-bis-12-jahre","status":"publish","type":"page","link":"https:\/\/www.relaxhotelstork.cz\/de\/zimmer\/213-ferienwohnung-10-betten-2-zustellbetten-nur-fuer-kinder-bis-12-jahre\/","title":{"rendered":"213 Ferienwohnung (10 Betten + 2 Zustellbetten NUR f\u00fcr Kinder bis 12 Jahre)"},"content":{"rendered":"<p>Es handelt sich um eine sehr ger\u00e4umige Ferienwohnung, die sich im 2.&nbsp;und 3. Stock befindet. Ideal geeignet f\u00fcr gro\u00dfe Familien oder Gruppen. Es k\u00f6nnen bis zu 10 Personen in festen Betten und 2 Kinder bis 11,99 Jahre auf Zustellbetten untergebracht werden. Es handelt sich um mobile Betten mit Standardmatratze. Die Wohnung umfasst 6 Zimmer, 2 K\u00fcchen, 3 Badezimmer sowie eine Terrasse mit Grill. Grillzubeh\u00f6r und die Reinigung des Grills sind von den G\u00e4sten selbst zu organisieren.<br \/>\nIn der Wohnung findet keine regelm\u00e4\u00dfige Reinigung statt. Bei Bedarf an Handtuchwechsel k\u00f6nnen die G\u00e4ste an der Rezeption nachfragen.<\/p>\n<ul style=\"list-style-type: disc;\">\n<li>TV: Digital, Flachbildschirm<\/li>\n<li>Safe<\/li>\n<li>Klimaanlage<\/li>\n<li>WLAN: Highspeed<\/li>\n<li>Hoteltextilien<\/li>\n<li>Dusche<\/li>\n<li>Badewanne<\/li>\n<li>WC<\/li>\n<li>K\u00fchlschrank<\/li>\n<li>Haartrockner: Auf Anfrage<\/li>\n<li>Mikrowelle<\/li>\n<li>Zentralheizung<\/li>\n<li>K\u00fcche<\/li>\n<li>Nichtraucherumgebung<\/li>\n<li>K\u00fcchenzeile<\/li>\n<li>T\u00e4gliche Reinigung<\/li>\n<li>Kosmetikartikel gratis<\/li>\n<li>Terrasse<\/li>\n<li>Gefrierschrank<\/li>\n<li>Backofen<\/li>\n<li>Bettentypen<\/li>\n<li>Bettgr\u00f6\u00dfe: Breite: 90 cm, L\u00e4nge: 200 cm<\/li>\n<li>Geschirrsp\u00fcler<\/li>\n<li>Wasserkocher<\/li>\n<\/ul>\n","protected":false},"excerpt":{"rendered":"<p>Es handelt sich um eine sehr ger\u00e4umige Ferienwohnung, die sich im 2.&nbsp;und 3. Stock befindet. Ideal geeignet f\u00fcr gro\u00dfe Familien oder Gruppen. Es k\u00f6nnen bis zu 10 Personen in festen Betten und 2 Kinder bis 11,99 Jahre auf Zustellbetten untergebracht werden. Es handelt sich um mobile Betten mit Standardmatratze. Die Wohnung umfasst 6 Zimmer, 2&#8230;<\/p>\n","protected":false},"author":1,"featured_media":7137,"parent":8687,"menu_order":120,"comment_status":"closed","ping_status":"closed","template":"template-room-detail.php","meta":{"footnotes":""},"class_list":["post-8770","page","type-page","status-publish","has-post-thumbnail","hentry"],"acf":[],"aioseo_notices":[],"_links":{"self":[{"href":"https:\/\/www.relaxhotelstork.cz\/de\/wp-json\/wp\/v2\/pages\/8770","targetHints":{"allow":["GET"]}}],"collection":[{"href":"https:\/\/www.relaxhotelstork.cz\/de\/wp-json\/wp\/v2\/pages"}],"about":[{"href":"https:\/\/www.relaxhotelstork.cz\/de\/wp-json\/wp\/v2\/types\/page"}],"author":[{"embeddable":true,"href":"https:\/\/www.relaxhotelstork.cz\/de\/wp-json\/wp\/v2\/users\/1"}],"replies":[{"embeddable":true,"href":"https:\/\/www.relaxhotelstork.cz\/de\/wp-json\/wp\/v2\/comments?post=8770"}],"version-history":[{"count":2,"href":"https:\/\/www.relaxhotelstork.cz\/de\/wp-json\/wp\/v2\/pages\/8770\/revisions"}],"predecessor-version":[{"id":9000,"href":"https:\/\/www.relaxhotelstork.cz\/de\/wp-json\/wp\/v2\/pages\/8770\/revisions\/9000"}],"up":[{"embeddable":true,"href":"https:\/\/www.relaxhotelstork.cz\/de\/wp-json\/wp\/v2\/pages\/8687"}],"wp:featuredmedia":[{"embeddable":true,"href":"https:\/\/www.relaxhotelstork.cz\/de\/wp-json\/wp\/v2\/media\/7137"}],"wp:attachment":[{"href":"https:\/\/www.relaxhotelstork.cz\/de\/wp-json\/wp\/v2\/media?parent=8770"}],"curies":[{"name":"wp","href":"https:\/\/api.w.org\/{rel}","templated":true}]}}