{"id":8763,"date":"2025-06-10T12:35:28","date_gmt":"2025-06-10T10:35:28","guid":{"rendered":"https:\/\/www.relaxhotelstork.cz\/zimmer\/apartmany-rodinne-4-luzka-1-pristylka-pouze-pro-deti-do-12-let\/"},"modified":"2025-10-02T10:34:16","modified_gmt":"2025-10-02T08:34:16","slug":"familienapartments-4-betten-1-zustellbett-nur-fuer-kinder-bis-12-jahre","status":"publish","type":"page","link":"https:\/\/www.relaxhotelstork.cz\/de\/zimmer\/familienapartments-4-betten-1-zustellbett-nur-fuer-kinder-bis-12-jahre\/","title":{"rendered":"Familienapartments (4 Betten + 1 Zustellbett NUR f\u00fcr Kinder bis 12 Jahre)"},"content":{"rendered":"<p>Moderne Apartments, geeignet f\u00fcr Familien mit \u00e4lteren Kindern. Sie bieten zwei Schlafzimmer und einen Wohnbereich mit Kochnische. Wenn Sie eine gro\u00dfe Familie mit bis zu 4 Kindern sind, kontaktieren Sie bitte die Rezeption \u2013 nach Absprache bereiten wir gerne bis zu zwei Zustellbetten f\u00fcr Kinder bis 11,99 Jahre vor. Die Apartments wurden im Winter 2022 modernisiert.<br \/>\nApartment Nr. 1 und 2 befinden sich im 2. Stock und sind mit Klimaanlage ausgestattet. Ein Aufzug steht nicht zur Verf\u00fcgung. Apartment Nr. 3 befindet sich im Erdgeschoss und ist mit einer kontrollierten Wohnrauml\u00fcftung (Rekuperation) ausgestattet.<\/p>\n<ul style=\"list-style-type: disc;\">\n<li>TV: Flachbildschirm<\/li>\n<li>Safe<\/li>\n<li>Klimaanlage<\/li>\n<li>WLAN: Kostenlos<\/li>\n<li>Hoteltextilien<\/li>\n<li>Dusche<\/li>\n<li>WC<\/li>\n<li>K\u00fchlschrank<\/li>\n<li>Haartrockner: Im Zimmer<\/li>\n<li>Zentralheizung<\/li>\n<li>K\u00fcchenzeile<\/li>\n<li>Mikrowelle<\/li>\n<li>Nichtraucherumgebung<\/li>\n<li>T\u00e4gliche Reinigung<\/li>\n<li>Kosmetikartikel gratis<\/li>\n<li>Bettgr\u00f6\u00dfe: Breite: 180 cm, L\u00e4nge: 200 cm<\/li>\n<li>Wasserkocher<\/li>\n<li>L\u00fcftungsanlage mit W\u00e4rmer\u00fcckgewinnung<\/li>\n<\/ul>\n","protected":false},"excerpt":{"rendered":"<p>Moderne Apartments, geeignet f\u00fcr Familien mit \u00e4lteren Kindern. Sie bieten zwei Schlafzimmer und einen Wohnbereich mit Kochnische. Wenn Sie eine gro\u00dfe Familie mit bis zu 4 Kindern sind, kontaktieren Sie bitte die Rezeption \u2013 nach Absprache bereiten wir gerne bis zu zwei Zustellbetten f\u00fcr Kinder bis 11,99 Jahre vor. Die Apartments wurden im Winter 2022&#8230;<\/p>\n","protected":false},"author":1,"featured_media":7047,"parent":8687,"menu_order":110,"comment_status":"closed","ping_status":"closed","template":"template-room-detail.php","meta":{"footnotes":""},"class_list":["post-8763","page","type-page","status-publish","has-post-thumbnail","hentry"],"acf":[],"aioseo_notices":[],"_links":{"self":[{"href":"https:\/\/www.relaxhotelstork.cz\/de\/wp-json\/wp\/v2\/pages\/8763","targetHints":{"allow":["GET"]}}],"collection":[{"href":"https:\/\/www.relaxhotelstork.cz\/de\/wp-json\/wp\/v2\/pages"}],"about":[{"href":"https:\/\/www.relaxhotelstork.cz\/de\/wp-json\/wp\/v2\/types\/page"}],"author":[{"embeddable":true,"href":"https:\/\/www.relaxhotelstork.cz\/de\/wp-json\/wp\/v2\/users\/1"}],"replies":[{"embeddable":true,"href":"https:\/\/www.relaxhotelstork.cz\/de\/wp-json\/wp\/v2\/comments?post=8763"}],"version-history":[{"count":3,"href":"https:\/\/www.relaxhotelstork.cz\/de\/wp-json\/wp\/v2\/pages\/8763\/revisions"}],"predecessor-version":[{"id":8995,"href":"https:\/\/www.relaxhotelstork.cz\/de\/wp-json\/wp\/v2\/pages\/8763\/revisions\/8995"}],"up":[{"embeddable":true,"href":"https:\/\/www.relaxhotelstork.cz\/de\/wp-json\/wp\/v2\/pages\/8687"}],"wp:featuredmedia":[{"embeddable":true,"href":"https:\/\/www.relaxhotelstork.cz\/de\/wp-json\/wp\/v2\/media\/7047"}],"wp:attachment":[{"href":"https:\/\/www.relaxhotelstork.cz\/de\/wp-json\/wp\/v2\/media?parent=8763"}],"curies":[{"name":"wp","href":"https:\/\/api.w.org\/{rel}","templated":true}]}}