{"id":8723,"date":"2025-06-10T11:19:50","date_gmt":"2025-06-10T09:19:50","guid":{"rendered":"https:\/\/www.relaxhotelstork.cz\/zimmer\/studio-dvouluzkove-2-luzka-1-pristylka-pouze-pro-deti-do-12-let\/"},"modified":"2025-10-02T09:23:07","modified_gmt":"2025-10-02T07:23:07","slug":"studio-doppelzimmer-2-betten-1-zustellbett-nur-fuer-kinder-bis-12-jahre","status":"publish","type":"page","link":"https:\/\/www.relaxhotelstork.cz\/de\/zimmer\/studio-doppelzimmer-2-betten-1-zustellbett-nur-fuer-kinder-bis-12-jahre\/","title":{"rendered":"Studio Doppelzimmer (2 Betten + 1 Zustellbett NUR f\u00fcr Kinder bis 12 Jahre)"},"content":{"rendered":"<p>Das Studio ist ein gr\u00f6\u00dferes Zimmer mit Kochnische, ideal f\u00fcr Paare. Wenn Sie mit einem Kind bis 11,99 Jahre f\u00fcr eine k\u00fcrzere Zeit reisen, bereiten wir Ihnen gerne ein Zustellbett vor. Es handelt sich um ein mobiles Bett mit Standardmatratze. F\u00fcr einen l\u00e4ngeren Aufenthalt sollten Sie z. B. ein Doppelapartment mit Zustellbett in Betracht ziehen.<\/p>\n<ul style=\"list-style-type: disc;\">\n<li>TV: Flachbildschirm<\/li>\n<li>Safe<\/li>\n<li>Klimaanlage<\/li>\n<li>WLAN: Kostenlos<\/li>\n<li>Hoteltextilien<\/li>\n<li>Badewanne<\/li>\n<li>WC<\/li>\n<li>K\u00fchlschrank<\/li>\n<li>Haartrockner: Im Zimmer<\/li>\n<li>Zentralheizung<\/li>\n<li>K\u00fcchenzeile<\/li>\n<li>Nichtraucherumgebung<\/li>\n<li>T\u00e4gliche Reinigung<\/li>\n<li>Kosmetikartikel gratis<\/li>\n<li>Minik\u00fchlschrank<\/li>\n<li>Bettgr\u00f6\u00dfe: Breite: 180 cm, L\u00e4nge: 200 cm<\/li>\n<li>Wasserkocher<\/li>\n<\/ul>\n","protected":false},"excerpt":{"rendered":"<p>Das Studio ist ein gr\u00f6\u00dferes Zimmer mit Kochnische, ideal f\u00fcr Paare. Wenn Sie mit einem Kind bis 11,99 Jahre f\u00fcr eine k\u00fcrzere Zeit reisen, bereiten wir Ihnen gerne ein Zustellbett vor. Es handelt sich um ein mobiles Bett mit Standardmatratze. F\u00fcr einen l\u00e4ngeren Aufenthalt sollten Sie z. B. ein Doppelapartment mit Zustellbett in Betracht ziehen&#8230;.<\/p>\n","protected":false},"author":1,"featured_media":6735,"parent":8687,"menu_order":50,"comment_status":"closed","ping_status":"closed","template":"template-room-detail.php","meta":{"footnotes":""},"class_list":["post-8723","page","type-page","status-publish","has-post-thumbnail","hentry"],"acf":[],"aioseo_notices":[],"_links":{"self":[{"href":"https:\/\/www.relaxhotelstork.cz\/de\/wp-json\/wp\/v2\/pages\/8723","targetHints":{"allow":["GET"]}}],"collection":[{"href":"https:\/\/www.relaxhotelstork.cz\/de\/wp-json\/wp\/v2\/pages"}],"about":[{"href":"https:\/\/www.relaxhotelstork.cz\/de\/wp-json\/wp\/v2\/types\/page"}],"author":[{"embeddable":true,"href":"https:\/\/www.relaxhotelstork.cz\/de\/wp-json\/wp\/v2\/users\/1"}],"replies":[{"embeddable":true,"href":"https:\/\/www.relaxhotelstork.cz\/de\/wp-json\/wp\/v2\/comments?post=8723"}],"version-history":[{"count":2,"href":"https:\/\/www.relaxhotelstork.cz\/de\/wp-json\/wp\/v2\/pages\/8723\/revisions"}],"predecessor-version":[{"id":8967,"href":"https:\/\/www.relaxhotelstork.cz\/de\/wp-json\/wp\/v2\/pages\/8723\/revisions\/8967"}],"up":[{"embeddable":true,"href":"https:\/\/www.relaxhotelstork.cz\/de\/wp-json\/wp\/v2\/pages\/8687"}],"wp:featuredmedia":[{"embeddable":true,"href":"https:\/\/www.relaxhotelstork.cz\/de\/wp-json\/wp\/v2\/media\/6735"}],"wp:attachment":[{"href":"https:\/\/www.relaxhotelstork.cz\/de\/wp-json\/wp\/v2\/media?parent=8723"}],"curies":[{"name":"wp","href":"https:\/\/api.w.org\/{rel}","templated":true}]}}