{"id":8704,"date":"2025-06-10T10:54:51","date_gmt":"2025-06-10T08:54:51","guid":{"rendered":"https:\/\/www.relaxhotelstork.cz\/zimmer\/dvouluzkovy-2-luzka-1-pristylka-pouze-pro-deti-do-12-let\/"},"modified":"2025-10-02T09:15:05","modified_gmt":"2025-10-02T07:15:05","slug":"doppelzimmer-2-betten-1-zustellbett-nur-fuer-kinder-bis-12-jahre","status":"publish","type":"page","link":"https:\/\/www.relaxhotelstork.cz\/de\/zimmer\/doppelzimmer-2-betten-1-zustellbett-nur-fuer-kinder-bis-12-jahre\/","title":{"rendered":"Doppelzimmer (2 Betten + 1 Zustellbett nur f\u00fcr Kinder bis 12 Jahre)"},"content":{"rendered":"<p>Ger\u00e4umiges Doppelzimmer, das ein Schlafsofa als Zustellbett f\u00fcr ein Kind bis 11,99 Jahre bieten kann.<br \/>\nEin Zimmer befindet sich im 2. Stock und eines im Dachgeschoss (3. Stock).<\/p>\n<ul style=\"list-style-type: disc;\">\n<li>TV: Flachbildschirm<\/li>\n<li>Safe<\/li>\n<li>Klimaanlage<\/li>\n<li>WLAN<\/li>\n<li>Hoteltextilien<\/li>\n<li>Dusche<\/li>\n<li>WC<\/li>\n<li>Haartrockner: Im Zimmer<\/li>\n<li>Zentralheizung<\/li>\n<li>Nichtraucherumgebung<\/li>\n<li>T\u00e4gliche Reinigung<\/li>\n<li>Minik\u00fchlschrank<\/li>\n<li>Bettentypen: 2\u00d7 Einzelbett<\/li>\n<li>Bettgr\u00f6\u00dfe: Breite: 90 cm, L\u00e4nge: 200 cm<\/li>\n<li>Kosmetikartikel gratis<\/li>\n<\/ul>\n","protected":false},"excerpt":{"rendered":"<p>Ger\u00e4umiges Doppelzimmer, das ein Schlafsofa als Zustellbett f\u00fcr ein Kind bis 11,99 Jahre bieten kann. Ein Zimmer befindet sich im 2. Stock und eines im Dachgeschoss (3. Stock). TV: Flachbildschirm Safe Klimaanlage WLAN Hoteltextilien Dusche WC Haartrockner: Im Zimmer Zentralheizung Nichtraucherumgebung T\u00e4gliche Reinigung Minik\u00fchlschrank Bettentypen: 2\u00d7 Einzelbett Bettgr\u00f6\u00dfe: Breite: 90 cm, L\u00e4nge: 200 cm Kosmetikartikel&#8230;<\/p>\n","protected":false},"author":1,"featured_media":6624,"parent":8687,"menu_order":20,"comment_status":"closed","ping_status":"closed","template":"template-room-detail.php","meta":{"footnotes":""},"class_list":["post-8704","page","type-page","status-publish","has-post-thumbnail","hentry"],"acf":[],"aioseo_notices":[],"_links":{"self":[{"href":"https:\/\/www.relaxhotelstork.cz\/de\/wp-json\/wp\/v2\/pages\/8704","targetHints":{"allow":["GET"]}}],"collection":[{"href":"https:\/\/www.relaxhotelstork.cz\/de\/wp-json\/wp\/v2\/pages"}],"about":[{"href":"https:\/\/www.relaxhotelstork.cz\/de\/wp-json\/wp\/v2\/types\/page"}],"author":[{"embeddable":true,"href":"https:\/\/www.relaxhotelstork.cz\/de\/wp-json\/wp\/v2\/users\/1"}],"replies":[{"embeddable":true,"href":"https:\/\/www.relaxhotelstork.cz\/de\/wp-json\/wp\/v2\/comments?post=8704"}],"version-history":[{"count":2,"href":"https:\/\/www.relaxhotelstork.cz\/de\/wp-json\/wp\/v2\/pages\/8704\/revisions"}],"predecessor-version":[{"id":8957,"href":"https:\/\/www.relaxhotelstork.cz\/de\/wp-json\/wp\/v2\/pages\/8704\/revisions\/8957"}],"up":[{"embeddable":true,"href":"https:\/\/www.relaxhotelstork.cz\/de\/wp-json\/wp\/v2\/pages\/8687"}],"wp:featuredmedia":[{"embeddable":true,"href":"https:\/\/www.relaxhotelstork.cz\/de\/wp-json\/wp\/v2\/media\/6624"}],"wp:attachment":[{"href":"https:\/\/www.relaxhotelstork.cz\/de\/wp-json\/wp\/v2\/media?parent=8704"}],"curies":[{"name":"wp","href":"https:\/\/api.w.org\/{rel}","templated":true}]}}