{"id":8698,"date":"2025-06-10T10:25:24","date_gmt":"2025-06-10T08:25:24","guid":{"rendered":"https:\/\/www.relaxhotelstork.cz\/zimmer\/dvouluzkovy-pokoj-20-standart\/"},"modified":"2025-10-02T09:12:19","modified_gmt":"2025-10-02T07:12:19","slug":"doppelzimmer-20-standard","status":"publish","type":"page","link":"https:\/\/www.relaxhotelstork.cz\/de\/zimmer\/doppelzimmer-20-standard\/","title":{"rendered":"Doppelzimmer (2+0) Standard"},"content":{"rendered":"<p>Die meisten Doppelzimmer befinden sich im Dachgeschoss. Die Dachzimmer wurden im Winter 2024 modernisiert. Die Zimmer mit Laubengang (Blick in den Hof mit Pool) k\u00f6nnen miteinander verbunden werden und so ein ger\u00e4umiges Familienzimmer bilden. Zwischen den Zimmern gibt es immer zwei T\u00fcren. Wenn die Zimmer nicht verbunden sind, bleiben die T\u00fcren verschlossen.<\/p>\n<ul style=\"list-style-type: disc;\">\n<li>TV: Flachbildschirm<\/li>\n<li>Safe<\/li>\n<li>Klimaanlage<\/li>\n<li>WLAN: Kostenlos, Highspeed<\/li>\n<li>Hoteltextilien<\/li>\n<li>Dusche<\/li>\n<li>WC<\/li>\n<li>Haartrockner: Im Zimmer<\/li>\n<li>Zentralheizung<\/li>\n<li>Nichtraucherumgebung<\/li>\n<li>T\u00e4gliche Reinigung<\/li>\n<li>Bettentypen: 2\u00d7 Einzelbett<\/li>\n<li>Bettgr\u00f6\u00dfe: Breite: 90 cm, L\u00e4nge: 200 cm<\/li>\n<li>Kosmetikartikel gratis<\/li>\n<\/ul>\n","protected":false},"excerpt":{"rendered":"<p>Die meisten Doppelzimmer befinden sich im Dachgeschoss. Die Dachzimmer wurden im Winter 2024 modernisiert. Die Zimmer mit Laubengang (Blick in den Hof mit Pool) k\u00f6nnen miteinander verbunden werden und so ein ger\u00e4umiges Familienzimmer bilden. Zwischen den Zimmern gibt es immer zwei T\u00fcren. Wenn die Zimmer nicht verbunden sind, bleiben die T\u00fcren verschlossen. TV: Flachbildschirm Safe&#8230;<\/p>\n","protected":false},"author":1,"featured_media":6549,"parent":8687,"menu_order":10,"comment_status":"closed","ping_status":"closed","template":"template-room-detail.php","meta":{"footnotes":""},"class_list":["post-8698","page","type-page","status-publish","has-post-thumbnail","hentry"],"acf":[],"aioseo_notices":[],"_links":{"self":[{"href":"https:\/\/www.relaxhotelstork.cz\/de\/wp-json\/wp\/v2\/pages\/8698","targetHints":{"allow":["GET"]}}],"collection":[{"href":"https:\/\/www.relaxhotelstork.cz\/de\/wp-json\/wp\/v2\/pages"}],"about":[{"href":"https:\/\/www.relaxhotelstork.cz\/de\/wp-json\/wp\/v2\/types\/page"}],"author":[{"embeddable":true,"href":"https:\/\/www.relaxhotelstork.cz\/de\/wp-json\/wp\/v2\/users\/1"}],"replies":[{"embeddable":true,"href":"https:\/\/www.relaxhotelstork.cz\/de\/wp-json\/wp\/v2\/comments?post=8698"}],"version-history":[{"count":2,"href":"https:\/\/www.relaxhotelstork.cz\/de\/wp-json\/wp\/v2\/pages\/8698\/revisions"}],"predecessor-version":[{"id":8954,"href":"https:\/\/www.relaxhotelstork.cz\/de\/wp-json\/wp\/v2\/pages\/8698\/revisions\/8954"}],"up":[{"embeddable":true,"href":"https:\/\/www.relaxhotelstork.cz\/de\/wp-json\/wp\/v2\/pages\/8687"}],"wp:featuredmedia":[{"embeddable":true,"href":"https:\/\/www.relaxhotelstork.cz\/de\/wp-json\/wp\/v2\/media\/6549"}],"wp:attachment":[{"href":"https:\/\/www.relaxhotelstork.cz\/de\/wp-json\/wp\/v2\/media?parent=8698"}],"curies":[{"name":"wp","href":"https:\/\/api.w.org\/{rel}","templated":true}]}}