{"id":8692,"date":"2017-10-23T09:29:13","date_gmt":"2017-10-23T07:29:13","guid":{"rendered":"https:\/\/www.relaxhotelstork.cz\/zimmer\/dvouluzkovy-economy\/"},"modified":"2025-10-02T09:08:28","modified_gmt":"2025-10-02T07:08:28","slug":"doppelzimmer-economy","status":"publish","type":"page","link":"https:\/\/www.relaxhotelstork.cz\/de\/zimmer\/doppelzimmer-economy\/","title":{"rendered":"Doppelzimmer \u2013 Economy"},"content":{"rendered":"<p>Zimmer geeignet f\u00fcr Einzelpersonen, die Bettgr\u00f6\u00dfe betr\u00e4gt 160 x 200 cm, daher k\u00f6nnen hier auch zwei Personen \u00fcbernachten. F\u00fcr zwei Personen ist der Raum kleiner, eventuell sollten Sie ein Standard-Doppelzimmer buchen.<\/p>\n<ul style=\"list-style-type: disc;\">\n<li>TV<\/li>\n<li>Safe<\/li>\n<li>Klimaanlage<\/li>\n<li>WLAN: Kostenlos, Highspeed<\/li>\n<li>Hoteltextilien<\/li>\n<li>Dusche<\/li>\n<li>WC<\/li>\n<li>Haartrockner: Im Zimmer<\/li>\n<li>Zentralheizung<\/li>\n<li>Nichtraucherumgebung<\/li>\n<li>T\u00e4gliche Reinigung<\/li>\n<li>Minik\u00fchlschrank<\/li>\n<li>Bettentypen: 1\u00d7 Einzelbett<\/li>\n<li>Bettgr\u00f6\u00dfe: Breite: 160 cm, L\u00e4nge: 200 cm<\/li>\n<li>Kosmetikartikel gratis<\/li>\n<\/ul>\n","protected":false},"excerpt":{"rendered":"<p>Zimmer geeignet f\u00fcr Einzelpersonen, die Bettgr\u00f6\u00dfe betr\u00e4gt 160 x 200 cm, daher k\u00f6nnen hier auch zwei Personen \u00fcbernachten. F\u00fcr zwei Personen ist der Raum kleiner, eventuell sollten Sie ein Standard-Doppelzimmer buchen. TV Safe Klimaanlage WLAN: Kostenlos, Highspeed Hoteltextilien Dusche WC Haartrockner: Im Zimmer Zentralheizung Nichtraucherumgebung T\u00e4gliche Reinigung Minik\u00fchlschrank Bettentypen: 1\u00d7 Einzelbett Bettgr\u00f6\u00dfe: Breite: 160 cm,&#8230;<\/p>\n","protected":false},"author":1,"featured_media":6522,"parent":8687,"menu_order":0,"comment_status":"closed","ping_status":"closed","template":"template-room-detail.php","meta":{"footnotes":""},"class_list":["post-8692","page","type-page","status-publish","has-post-thumbnail","hentry"],"acf":[],"aioseo_notices":[],"_links":{"self":[{"href":"https:\/\/www.relaxhotelstork.cz\/de\/wp-json\/wp\/v2\/pages\/8692","targetHints":{"allow":["GET"]}}],"collection":[{"href":"https:\/\/www.relaxhotelstork.cz\/de\/wp-json\/wp\/v2\/pages"}],"about":[{"href":"https:\/\/www.relaxhotelstork.cz\/de\/wp-json\/wp\/v2\/types\/page"}],"author":[{"embeddable":true,"href":"https:\/\/www.relaxhotelstork.cz\/de\/wp-json\/wp\/v2\/users\/1"}],"replies":[{"embeddable":true,"href":"https:\/\/www.relaxhotelstork.cz\/de\/wp-json\/wp\/v2\/comments?post=8692"}],"version-history":[{"count":2,"href":"https:\/\/www.relaxhotelstork.cz\/de\/wp-json\/wp\/v2\/pages\/8692\/revisions"}],"predecessor-version":[{"id":8951,"href":"https:\/\/www.relaxhotelstork.cz\/de\/wp-json\/wp\/v2\/pages\/8692\/revisions\/8951"}],"up":[{"embeddable":true,"href":"https:\/\/www.relaxhotelstork.cz\/de\/wp-json\/wp\/v2\/pages\/8687"}],"wp:featuredmedia":[{"embeddable":true,"href":"https:\/\/www.relaxhotelstork.cz\/de\/wp-json\/wp\/v2\/media\/6522"}],"wp:attachment":[{"href":"https:\/\/www.relaxhotelstork.cz\/de\/wp-json\/wp\/v2\/media?parent=8692"}],"curies":[{"name":"wp","href":"https:\/\/api.w.org\/{rel}","templated":true}]}}